{"id":1139,"date":"2017-11-30T19:25:53","date_gmt":"2017-11-30T19:25:53","guid":{"rendered":"http:\/\/trilhasdacarreira.com.br\/trilhas\/?page_id=1139"},"modified":"2019-11-11T12:05:35","modified_gmt":"2019-11-11T12:05:35","slug":"informacoes-posts","status":"publish","type":"page","link":"http:\/\/trilhasdacarreira.com.br\/trilhas\/informacoes-posts\/","title":{"rendered":"Informa\u00e7\u00f5es @ Posts"},"content":{"rendered":"<p><strong>Fabiana M. Schneider<\/strong><\/p>\n<p>Consultora de Carreira e Headhunter, possui mais de 18 anos de experi\u00eancia profissional em empresas nacional e multinacional atuando em \u00e1reas de Recrutamento e Sele\u00e7\u00e3o, Treinamento e Desenvolvimento, Comercial e Educa\u00e7\u00e3o Executiva. Nos \u00faltimos anos tem se dedicado \u00e0 \u00e1rea de gest\u00e3o de Carreira e desenvolvimento humano, al\u00e9m de especialista em LinkedIn e professora em p\u00f3s-gradua\u00e7\u00e3o. Diretora Geral da empresa Trilhas da Carreira | Consultoria de Carreira, \u00e9 graduada em Administra\u00e7\u00e3o de Empresas com MBA Executivo em Marketing, certificada DISC e Orienta\u00e7\u00e3o Profissional. Filha de Pai TI e M\u00e3e Professora, \u00e9 casada com Claudio Cercachim, m\u00e3e da Nathalia, maratonista, curiosa por pessoas e pela tecnologia.<\/p>\n","protected":false},"excerpt":{"rendered":"<p>Fabiana M. Schneider Consultora de Carreira e Headhunter, possui mais de 18 anos de experi\u00eancia profissional em empresas nacional e multinacional atuando em \u00e1reas de Recrutamento e Sele\u00e7\u00e3o, Treinamento e Desenvolvimento, Comercial e Educa\u00e7\u00e3o Executiva. Nos \u00faltimos anos tem se dedicado \u00e0 \u00e1rea de gest\u00e3o de Carreira e desenvolvimento humano, al\u00e9m de especialista em LinkedIn [&hellip;]<\/p>\n","protected":false},"author":1,"featured_media":0,"parent":0,"menu_order":0,"comment_status":"closed","ping_status":"closed","template":"","meta":{"_acf_changed":false,"footnotes":""},"class_list":["post-1139","page","type-page","status-publish","hentry"],"acf":[],"_links":{"self":[{"href":"http:\/\/trilhasdacarreira.com.br\/trilhas\/wp-json\/wp\/v2\/pages\/1139","targetHints":{"allow":["GET"]}}],"collection":[{"href":"http:\/\/trilhasdacarreira.com.br\/trilhas\/wp-json\/wp\/v2\/pages"}],"about":[{"href":"http:\/\/trilhasdacarreira.com.br\/trilhas\/wp-json\/wp\/v2\/types\/page"}],"author":[{"embeddable":true,"href":"http:\/\/trilhasdacarreira.com.br\/trilhas\/wp-json\/wp\/v2\/users\/1"}],"replies":[{"embeddable":true,"href":"http:\/\/trilhasdacarreira.com.br\/trilhas\/wp-json\/wp\/v2\/comments?post=1139"}],"version-history":[{"count":9,"href":"http:\/\/trilhasdacarreira.com.br\/trilhas\/wp-json\/wp\/v2\/pages\/1139\/revisions"}],"predecessor-version":[{"id":1764,"href":"http:\/\/trilhasdacarreira.com.br\/trilhas\/wp-json\/wp\/v2\/pages\/1139\/revisions\/1764"}],"wp:attachment":[{"href":"http:\/\/trilhasdacarreira.com.br\/trilhas\/wp-json\/wp\/v2\/media?parent=1139"}],"curies":[{"name":"wp","href":"https:\/\/api.w.org\/{rel}","templated":true}]}}