{"id":2391,"date":"2021-12-02T19:58:30","date_gmt":"2021-12-02T19:58:30","guid":{"rendered":"http:\/\/trilhasdacarreira.com.br\/trilhas\/?page_id=2391"},"modified":"2023-10-24T21:26:02","modified_gmt":"2023-10-24T21:26:02","slug":"politica-de-privacidade","status":"publish","type":"page","link":"https:\/\/trilhasdacarreira.com.br\/trilhas\/politica-de-privacidade\/","title":{"rendered":"Pol\u00edtica de Privacidade"},"content":{"rendered":"\n<h1 class=\"wp-block-heading\">Introdu\u00e7\u00e3o<\/h1>\n\n\n\n<p>A Trilhas da Carreira entende como sens\u00edveis e relevantes os registros eletr\u00f4nicos e dados pessoais deixados por voc\u00ea na utiliza\u00e7\u00e3o do site e suas p\u00e1ginas, servindo a presente Pol\u00edtica de Privacidade e Prote\u00e7\u00e3o de dados (\u201cPol\u00edtica\u201d) para regular, de forma simples, transparente e objetiva, quais dados e informa\u00e7\u00f5es ser\u00e3o obtidos, bem como cumprir a Lei Geral de Prote\u00e7\u00e3o de Dados (Lei 13.709\/18) e demais regulamentos aplic\u00e1veis sobre o tratamento de Dados Pessoais, incluindo Dados Pessoais Sens\u00edveis.<\/p>\n\n\n\n<p>A presente Pol\u00edtica de Privacidade se aplica para o compromisso da privacidade e a prote\u00e7\u00e3o dos dados pessoais coletados de seus usu\u00e1rios, estabelecendo as regras sobre a coleta, registro, armazenamento, uso, compartilhamento, enriquecimento e elimina\u00e7\u00e3o dos dados coletados dentro do escopo dos servi\u00e7os e funcionalidades do site, de acordo com as leis em vigor.<\/p>\n\n\n\n<p>Como condi\u00e7\u00e3o para acesso e uso das funcionalidades exclusivas do site, o usu\u00e1rio declara ser maior de 18 (dezoito) anos e que fez a leitura completa e atenta das regras deste documento e dos Termos de Uso, estando plenamente ciente conferindo assim sua livre e expressa concord\u00e2ncia com os termos aqui estipulados. Caso n\u00e3o esteja de acordo com estas Diretivas, dever\u00e1 descontinuar o seu acesso \u00e0s P\u00e1ginas e as respectivas funcionalidades que englobam todos os seus servi\u00e7os.<\/p>\n\n\n\n<h1 class=\"wp-block-heading\">1. Defini\u00e7\u00f5es<\/h1>\n\n\n\n<p>Para os fins da presente Pol\u00edtica de Privacidade e Prote\u00e7\u00e3o de dados (\u201cPol\u00edtica\u201d), os termos e express\u00f5es a seguir dever\u00e3o ter os significados definidos abaixo:<\/p>\n\n\n\n<p>\u201cTDC\u201d significa Trilhas da Carreira &#8211; Consultoria de Carreira;<\/p>\n\n\n\n<p>\u201cLGPD\u201d significa Lei Geral de Prote\u00e7\u00e3o de Dados (Lei 13.709\/18);<\/p>\n\n\n\n<p>\u201cP\u00e1ginas\u201d significa as p\u00e1ginas dispon\u00edveis no site principal da TDC;<\/p>\n\n\n\n<p>\u201cColaboradores TDC\u201d todos os colaboradores da TDC, incluindo empregados, s\u00f3cios, prestadores de servi\u00e7os, estagi\u00e1rios, aprendizes e qualquer outra pessoa que possua v\u00ednculo direto com a empresa;<\/p>\n\n\n\n<p>\u201cTitular de Dados\u201d significa a pessoa natural a quem se referem os dados pessoais que s\u00e3o objeto de tratamento;<\/p>\n\n\n\n<p>\u201cDado Pessoal\u201d significa informa\u00e7\u00e3o relacionada a pessoa natural que permita de qualquer forma a identificar;<\/p>\n\n\n\n<p>\u201cDado Pessoal Sens\u00edvel\u201d significa dado pessoal sobre origem racial ou \u00e9tnica, convic\u00e7\u00e3o religiosa, opini\u00e3o pol\u00edtica, filia\u00e7\u00e3o a sindicato ou a organiza\u00e7\u00e3o de car\u00e1ter religioso, filos\u00f3fico ou pol\u00edtico, dado referente \u00e0 sa\u00fade ou \u00e0 vida sexual, dado gen\u00e9tico ou biom\u00e9trico, bem como outros dados espec\u00edficos considerados sens\u00edveis mediante as leis e regulamentos pr\u00f3prios;<\/p>\n\n\n\n<p>\u201cDado Anonimizado\u201d significa dado relativo \u00e0 titular que n\u00e3o permita a sua identifica\u00e7\u00e3o pela utiliza\u00e7\u00e3o de meios t\u00e9cnicos razo\u00e1veis e dispon\u00edveis na ocasi\u00e3o de seu tratamento;<\/p>\n\n\n\n<p>\u201cControlador de Dados\u201d significa a institui\u00e7\u00e3o a qual competem as decis\u00f5es referentes ao tratamento de dados pessoais, nesta Pol\u00edtica \u00e0 TDC;<\/p>\n\n\n\n<p>&#8220;Operador de Dados&#8221; significa pessoa natural ou jur\u00eddica, de direito p\u00fablico ou privado, que realiza o tratamento de dados pessoais em nome da TDC;<\/p>\n\n\n\n<p>\u201cEncarregado de Dados\u201d ou \u201cDPO\u201d significa pessoa indicada pela TDC e pelo Operador de Dados para atuar como canal de comunica\u00e7\u00e3o com os titulares dos dados e com a Autoridade Nacional de Prote\u00e7\u00e3o de Dados (ANPD);<\/p>\n\n\n\n<p>\u201cTratamento de Dados\u201d ou \u201cTratamento\u201d significa toda opera\u00e7\u00e3o realizada com dados pessoais, como as que se referem a: coleta, produ\u00e7\u00e3o, recep\u00e7\u00e3o, classifica\u00e7\u00e3o, utiliza\u00e7\u00e3o, acesso, reprodu\u00e7\u00e3o, transmiss\u00e3o, distribui\u00e7\u00e3o, processamento, arquivamento, armazenamento, elimina\u00e7\u00e3o, avalia\u00e7\u00e3o ou controle da informa\u00e7\u00e3o, modifica\u00e7\u00e3o, comunica\u00e7\u00e3o, transfer\u00eancia, difus\u00e3o ou extra\u00e7\u00e3o de dados pessoais;<\/p>\n\n\n\n<p>\u201cConsentimento\u201d significa manifesta\u00e7\u00e3o livre, informada e inequ\u00edvoca pela qual o titular concorda com o tratamento de seus dados pessoais para uma finalidade determinada; e<\/p>\n\n\n\n<p>\u201cAutoridade Nacional de Prote\u00e7\u00e3o de Dados\u201d ou \u201cANPD\u201d significa \u00f3rg\u00e3o da administra\u00e7\u00e3o p\u00fablica respons\u00e1vel por zelar, implementar e fiscalizar o cumprimento da LGPD em todo o territ\u00f3rio nacional.<\/p>\n\n\n\n<h1 class=\"wp-block-heading\">2. Quem s\u00e3o os Titulares dos Dados<\/h1>\n\n\n\n<p>Temos o cuidado para que os dados pessoais coletados sejam estritamente necess\u00e1rios e adequados para atingir uma finalidade leg\u00edtima, sobretudo para presta\u00e7\u00e3o do servi\u00e7o contratado, seja este judicial ou extrajudicial, ou apenas consultiva.<\/p>\n\n\n\n<p>2.1 Recebemos dados pessoais dos seguintes titulares:<\/p>\n\n\n\n<p>(i) Usu\u00e1rios que realizam registro de elogio, reclama\u00e7\u00e3o ou sugest\u00e3o na p\u00e1gina de Contato;<\/p>\n\n\n\n<p>(ii) Usu\u00e1rios que realizam cadastro na plataforma para recebimento de newsletter sobre os nossos servi\u00e7os;<\/p>\n\n\n\n<p>2.2 Tratamos os seguintes dados pessoais:<\/p>\n\n\n\n<p>(i) Comuns: Nome, endere\u00e7o residencial, data de nascimento, estado civil, profiss\u00e3o e e-mail;<\/p>\n\n\n\n<p>(ii) Para cadastro ou registro simples somente pedimos dados pessoais m\u00ednimos para contato (Nome e e-mail);<\/p>\n\n\n\n<h1 class=\"wp-block-heading\">3. Como utilizamos os dados<\/h1>\n\n\n\n<p>Coletamos os seus dados pessoais e realizamos o tratamento das suas informa\u00e7\u00f5es de acordo com a seguintes finalidades espec\u00edficas:<\/p>\n\n\n\n<p>(i) Responder solicita\u00e7\u00f5es ou enviar informa\u00e7\u00f5es administrativas. Por exemplo: P\u00e1gina de contato;<\/p>\n\n\n\n<p>(ii) Finalidades estat\u00edsticas, tais como an\u00e1lise e gest\u00e3o de neg\u00f3cios, pesquisa de mercado, auditorias, desenvolvimento de novos servi\u00e7os, aprimoramento e melhoria dos nossos servi\u00e7os;<\/p>\n\n\n\n<p>(iii) Envio de mensagens eletr\u00f4nicas com informa\u00e7\u00f5es jur\u00eddicas e\/ou sobre os servi\u00e7os prestados, \u00e0queles que solicitarem via formul\u00e1rio de consentimento no site ou p\u00e1ginas de conte\u00fado rico (newsletter);<\/p>\n\n\n\n<p><\/p>\n\n\n\n<h1 class=\"wp-block-heading\">4. Como \u00e9 a forma de Coleta?<\/h1>\n\n\n\n<p>(i) Formul\u00e1rio eletr\u00f4nico via website;<\/p>\n\n\n\n<h1 class=\"wp-block-heading\">5. Fundamento legal para tratamento de seus dados pessoais<\/h1>\n\n\n\n<p>A legisla\u00e7\u00e3o que permite e controla esse ato \u00e9 a LGPD. Com o advento da respectiva Lei, apenas podemos tratar seus dados pessoais para as finalidades que indicamos acima no item 3, as quais se adequam \u00e0s seguintes autoriza\u00e7\u00f5es legais:<\/p>\n\n\n\n<p>(i) Execu\u00e7\u00e3o do contrato, ou de procedimentos preliminares para relacionados ao contrato do cliente (inciso V do artigo 7\u00ba da Lei n\u00ba 13.709\/18);<\/p>\n\n\n\n<p>(ii) Obriga\u00e7\u00e3o legal ou regulat\u00f3ria (inciso II do artigo 7\u00ba da Lei n\u00ba 13.709\/18);<\/p>\n\n\n\n<p>(iii) Leg\u00edtimo interesse para apoio e promo\u00e7\u00e3o comercial (inciso IX do artigo 7\u00ba da Lei n\u00ba 13.709\/18);<\/p>\n\n\n\n<p>(iv) Consentimento, para os que fornecem os dados via website (inciso I do artigo 7\u00ba e 14 da Lei n\u00ba 13.709\/18);<\/p>\n\n\n\n<p>(v) Defesa e utiliza\u00e7\u00e3o em processos judiciais (inciso VI do artigo 7\u00ba da Lei n\u00ba 13.709\/18).<\/p>\n\n\n\n<h1 class=\"wp-block-heading\">6. Qual \u00e9 a dura\u00e7\u00e3o do tratamento de dados pessoais?<\/h1>\n\n\n\n<p>Os Dados Pessoais coletados ou tratados pela empresa ser\u00e3o armazenados durante todo o tempo que perdurar a rela\u00e7\u00e3o contratual e o interesse do Titular de Dados, nesse \u00faltimo caso relacionado ao recebimento de mensagens eletr\u00f4nicas;<\/p>\n\n\n\n<p>A reten\u00e7\u00e3o dos Dados Pessoais, incluindo Dados Pessoais Sens\u00edveis, deve ser por per\u00edodo n\u00e3o maior que o indispens\u00e1vel para as finalidades espec\u00edficas para que foram obtidas, exceto quando exigido prazo diverso pela lei ou regulamento aplic\u00e1vel ou quando per\u00edodo diferente constar no Consentimento espec\u00edfico obtido;<\/p>\n\n\n\n<p>Os Dados Pessoais tratados pela consultoria ser\u00e3o eliminados ap\u00f3s o t\u00e9rmino de seu tratamento, no \u00e2mbito e nos limites t\u00e9cnicos das atividades, autorizada a conserva\u00e7\u00e3o para as seguintes finalidades:<\/p>\n\n\n\n<p>(i) Cumprimento de obriga\u00e7\u00e3o legal ou regulat\u00f3ria;<\/p>\n\n\n\n<p>(ii) Estudo por \u00f3rg\u00e3o de pesquisa ou para fins estat\u00edsticos ou de gest\u00e3o do escrit\u00f3rio\/controlador, sendo nesses casos sempre mediante anonimiza\u00e7\u00e3o dos dados.<\/p>\n\n\n\n<h1 class=\"wp-block-heading\">7. Como mantemos seus dados seguros<\/h1>\n\n\n\n<p>A TDC utiliza os meios razo\u00e1veis de mercado e legalmente requeridos para preservar a privacidade dos dados coletados em suas P\u00e1ginas. Desta forma, adota as seguintes precau\u00e7\u00f5es, em observ\u00e2ncia \u00e0s diretrizes sobre padr\u00f5es de seguran\u00e7a estabelecidas na LGPD, tais como:<\/p>\n\n\n\n<p>(i) S\u00e3o utilizados m\u00e9todos r\u00edgidos de controle e alto padr\u00e3o de seguran\u00e7a e de mercado para criptografar e anonimizar os dados coletados;<\/p>\n\n\n\n<p>(ii) Possui prote\u00e7\u00e3o contra acesso n\u00e3o autorizado a seus sistemas;<\/p>\n\n\n\n<p>(iii) A TDC somente autoriza o acesso de pessoas previamente estabelecidas ao local onde s\u00e3o armazenadas as informa\u00e7\u00f5es coletadas;<\/p>\n\n\n\n<p>(iv) Aqueles que entrarem em contato com as informa\u00e7\u00f5es dever\u00e3o se comprometer a manter sigilo absoluto. A quebra do sigilo acarretar\u00e1 responsabilidade civil e o respons\u00e1vel ser\u00e1 responsabilizado nos moldes da legisla\u00e7\u00e3o brasileira.<\/p>\n\n\n\n<p>Se voc\u00ea tiver motivos para acreditar que a sua intera\u00e7\u00e3o conosco tenha deixado de ser segura (por exemplo, se voc\u00ea acreditar que a seguran\u00e7a de qualquer conta que voc\u00ea possa ter conosco tenha sido comprometida), por favor, notifique imediatamente o DPO.<\/p>\n\n\n\n<h1 class=\"wp-block-heading\">8. Com quem compartilharemos os dados<\/h1>\n\n\n\n<p>Alguns dados pessoais coletados do Titular de Dados poder\u00e3o ser utilizados em plataformas de processamento, como para envio das newsletter, permanecendo sempre a consultoria como Controlador de Dados.<\/p>\n\n\n\n<p>Destacamos, no entanto, que os seus dados nunca ser\u00e3o transferidos para terceiros sem uma autoriza\u00e7\u00e3o espec\u00edfica. Portanto, ao utiliz\u00e1-los em plataformas de terceiros, Operadores de Dados, exigimos desses o mesmo padr\u00e3o de seguran\u00e7a e garantias que s\u00e3o dadas a voc\u00ea.<\/p>\n\n\n\n<h1 class=\"wp-block-heading\">9. Direitos dos Titulares de Dados:<\/h1>\n\n\n\n<p>A TDC garante aos titulares dos dados, os seguintes direitos, em conformidade com o artigo 18 da LGPD:<\/p>\n\n\n\n<p>(i) Voc\u00ea poder\u00e1 confirmar a exist\u00eancia de tratamento de dados pessoais e obter, a qualquer tempo, acesso aos seus dados;<\/p>\n\n\n\n<p>(ii) Caso os seus dados estejam incompletos, inexatos ou desatualizados, voc\u00ea pode requerer a corre\u00e7\u00e3o desses;<\/p>\n\n\n\n<p>(iii) Poder\u00e1 tamb\u00e9m requerer a anonimiza\u00e7\u00e3o, bloqueio ou elimina\u00e7\u00e3o de dados desnecess\u00e1rios, excessivos ou tratados em desconformidade com a Lei Geral de Prote\u00e7\u00e3o de Dados;<\/p>\n\n\n\n<p>(iv) Voc\u00ea pode requerer informa\u00e7\u00f5es sobre compartilhamento de dados;<\/p>\n\n\n\n<p>(v) A requisi\u00e7\u00e3o de exclus\u00e3o dos seus dados pessoais tratados com o consentimento do titular, no caso os e-mails para recebimento de mensagens eletr\u00f4nicas;<\/p>\n\n\n\n<p>(vi) Ser\u00e1 viabilizada tamb\u00e9m a op\u00e7\u00e3o de portabilidade dos dados a outro prestador de servi\u00e7os advocat\u00edcios, mediante sua requisi\u00e7\u00e3o;<\/p>\n\n\n\n<p>(vii) Revoga\u00e7\u00e3o do consentimento, nos termos do \u00a7 5\u00ba do art. 8\u00ba da LGPD.<\/p>\n\n\n\n<h1 class=\"wp-block-heading\">10. Como utilizamos os Cookies<\/h1>\n\n\n\n<p>Cookies s\u00e3o arquivos ou informa\u00e7\u00f5es que podem ser armazenadas em seus dispositivos, quando voc\u00ea visita as P\u00e1ginas. Geralmente, um cookie cont\u00e9m o nome do site que o originou, seu tempo de vida e um valor, que \u00e9 gerado aleatoriamente de acordo com o sistema de inform\u00e1tica.<\/p>\n\n\n\n<p>A TDC utiliza cookies para facilitar o uso e melhor adaptar as P\u00e1ginas aos seus interesses e necessidades, bem como para compilarmos informa\u00e7\u00f5es sobre a utiliza\u00e7\u00e3o de nossos sites e servi\u00e7os, auxiliando a melhorar suas estruturas e seus conte\u00fados. Os cookies tamb\u00e9m podem ser utilizados para acelerar suas atividades e experi\u00eancias futuras nas P\u00e1ginas<\/p>\n\n\n\n<p>Os Cookies utilizados em nossas P\u00e1ginas tem as seguintes fun\u00e7\u00f5es:<\/p>\n\n\n\n<p>(i) Cookies estritamente necess\u00e1rios: Essenciais para o funcionamento correto do site, permitem que voc\u00ea navegue em nossas P\u00e1ginas e fa\u00e7a uso de todas as funcionalidades;<\/p>\n\n\n\n<p>(ii) Cookies de desempenho: Fornecem informa\u00e7\u00e3o estat\u00edstica do uso do site para entender como os visitantes interagem com as P\u00e1ginas, fornecendo informa\u00e7\u00f5es sobre as \u00e1reas visitadas, o tempo de visita ao site e quaisquer problemas encontrados, como mensagens de erro;<\/p>\n\n\n\n<p>Nesta categoria, os seguintes servi\u00e7os s\u00e3o utilizados neste site:<\/p>\n\n\n\n<p>(a) Google Analytics &#8211; estat\u00edsticas de acessos;<\/p>\n\n\n\n<p>(b) Facebook &#8211; recurso chamado Pixel e bot\u00f5es de intera\u00e7\u00e3o;<\/p>\n\n\n\n<p>(c) Contact Form 7 &#8211; plug-in de WordPress para capta\u00e7\u00e3o de dados em formul\u00e1rios;<\/p>\n\n\n\n<p>(iii) O objetivo central para o uso de Cookies no nosso website \u00e9 aprimorar a an\u00e1lise de fluxo de dados, para, por exemplo, reconhecer a quantidade de acesso e o tipo de intera\u00e7\u00e3o dos usu\u00e1rios com os nossos recursos, bem como possibilitar as funcionalidades do pr\u00f3prio site.<\/p>\n\n\n\n<h1 class=\"wp-block-heading\">11. Modifica\u00e7\u00e3o da Pol\u00edtica<\/h1>\n\n\n\n<p>A TDC poder\u00e1 modificar, alterar ou substituir esta Pol\u00edtica a qualquer tempo.<\/p>\n\n\n\n<p>Em qualquer caso de altera\u00e7\u00e3o o usu\u00e1rio ser\u00e1 informado, por e-mail e pela interface da plataforma, antes que a altera\u00e7\u00e3o entre em vigor.<\/p>\n\n\n\n<p>Caso n\u00e3o concorde com as altera\u00e7\u00f5es, se o tratamento se der com base no consentimento, sempre ser\u00e1 garantida a revoga\u00e7\u00e3o, na forma da lei.<\/p>\n\n\n\n<h1 class=\"wp-block-heading\">12. Controlador de Dados<\/h1>\n\n\n\n<p>Trilhas da Carreira Treinamento Profissional LTDA, pessoa jur\u00eddica de direito privado sob o registro 20.256.696\/0001-29.<\/p>\n\n\n\n<h1 class=\"wp-block-heading\">13. Encarregado de Dados e canal de comunica\u00e7\u00e3o<\/h1>\n\n\n\n<p>Para quaisquer informa\u00e7\u00f5es adicionais, inclusive para exerc\u00edcio dos seus direitos como titular dos dados pessoais a n\u00f3s confiados, seguem abaixo os dados do nosso Encarregado (DPO \u2013 Data Protection Officer):<\/p>\n\n\n\n<p>Encarregado \u2013 Fabiana M. Schneider<\/p>\n\n\n\n<p>Telefone: +55 (41) 9 9583-9023<\/p>\n\n\n\n<p>e-mail: contato@trilhasdacarreira.com.br<\/p>\n\n\n\n<p>Esta Pol\u00edtica ser\u00e1 regida, interpretada e executada de acordo com as Leis da Rep\u00fablica Federativa do Brasil, especialmente a Lei n\u00ba 13.709\/2018, independentemente das Leis de outros estados ou Pa\u00edses, sendo competente o foro de domic\u00edlio do Titular de Dados para dirimir qualquer d\u00favida decorrente deste documento.<\/p>\n\n\n\n<p>Atualizado em 24 de outubro de 2023.<\/p>\n","protected":false},"excerpt":{"rendered":"<p>Introdu\u00e7\u00e3o A Trilhas da Carreira entende como sens\u00edveis e relevantes os registros eletr\u00f4nicos e dados pessoais deixados por voc\u00ea na utiliza\u00e7\u00e3o do site e suas p\u00e1ginas, servindo a presente Pol\u00edtica de Privacidade e Prote\u00e7\u00e3o de dados (\u201cPol\u00edtica\u201d) para regular, de forma simples, transparente e objetiva, quais dados e informa\u00e7\u00f5es ser\u00e3o obtidos, bem como cumprir a [&hellip;]<\/p>\n","protected":false},"author":1,"featured_media":0,"parent":0,"menu_order":0,"comment_status":"closed","ping_status":"closed","template":"","meta":{"_acf_changed":false,"footnotes":""},"class_list":["post-2391","page","type-page","status-publish","hentry"],"acf":[],"_links":{"self":[{"href":"https:\/\/trilhasdacarreira.com.br\/trilhas\/wp-json\/wp\/v2\/pages\/2391","targetHints":{"allow":["GET"]}}],"collection":[{"href":"https:\/\/trilhasdacarreira.com.br\/trilhas\/wp-json\/wp\/v2\/pages"}],"about":[{"href":"https:\/\/trilhasdacarreira.com.br\/trilhas\/wp-json\/wp\/v2\/types\/page"}],"author":[{"embeddable":true,"href":"https:\/\/trilhasdacarreira.com.br\/trilhas\/wp-json\/wp\/v2\/users\/1"}],"replies":[{"embeddable":true,"href":"https:\/\/trilhasdacarreira.com.br\/trilhas\/wp-json\/wp\/v2\/comments?post=2391"}],"version-history":[{"count":6,"href":"https:\/\/trilhasdacarreira.com.br\/trilhas\/wp-json\/wp\/v2\/pages\/2391\/revisions"}],"predecessor-version":[{"id":2635,"href":"https:\/\/trilhasdacarreira.com.br\/trilhas\/wp-json\/wp\/v2\/pages\/2391\/revisions\/2635"}],"wp:attachment":[{"href":"https:\/\/trilhasdacarreira.com.br\/trilhas\/wp-json\/wp\/v2\/media?parent=2391"}],"curies":[{"name":"wp","href":"https:\/\/api.w.org\/{rel}","templated":true}]}}